{"id":579,"date":"2016-11-03T07:33:05","date_gmt":"2016-11-03T07:33:05","guid":{"rendered":"http:\/\/dedicated.crazycafe.net\/factory\/?page_id=7"},"modified":"2023-02-23T17:43:37","modified_gmt":"2023-02-23T15:43:37","slug":"uber-das-unternehmen","status":"publish","type":"page","link":"https:\/\/www.modelarstvo-hohler.si\/de\/uber-das-unternehmen\/","title":{"rendered":"\u00dcber das Unternehmen"},"content":{"rendered":"<p>[vc_row css=&#8220;.vc_custom_1525070206327{padding-top: 100px !important;padding-bottom: 10px !important;}&#8220;][vc_column width=&#8220;5\/12&#8243;][vc_single_image image=&#8220;808&#8243; img_size=&#8220;full&#8220; el_class=&#8220;bordered-image&#8220;][\/vc_column][vc_column width=&#8220;7\/12&#8243;][vc_column_text]<strong>\u00dcber das Unternehmen<\/strong><\/p>\n<p>Wir sind ein Familienunternehmen mit einer Geschichte, die bis ins Jahr 1981 zur\u00fcckreicht.<br \/>\nWir zeichnen uns vor allem durch Qualit\u00e4t, Zuverl\u00e4ssigkeit und Tradition aus.<\/p>\n<p>Heute spielen wir eine wichtige Rolle in der Industrie der CNC-Technologien zum Fr\u00e4sen und Formen von weichen Materialien und Holz. Wir sind ein wichtiges Glied in der Mehrwertkette der Automobilindustrie und kooperieren mit den gr\u00f6\u00dften slowenischen Werkzeugmacher wie Kovinoplastika Lo\u017e, Gorenje orodjarna, Emo orodjarna, Orodjarna Imen\u0161ek \u00a0und andere.<\/p>\n<p>Unsere Hauptt\u00e4tigkeit ist die Herstellung aller Arten von Modellen (Styropor-Holz- Kunststoff) f\u00fcr die Bed\u00fcrfnisse der Anfertigung von Gu\u00dfst\u00fccken. In den meisten F\u00e4llen handelt es sich um einzigartige Styropormodelle f\u00fcr die Herstellung von Gussteilen f\u00fcr Blechumformwerkzeuge in der Automobilindustrie. Holzmodelle sind f\u00fcr die Serienproduktion mehrerer identischer Gussteile ausgelegt.[\/vc_column_text][\/vc_column][\/vc_row][vc_row][vc_column][vc_column_text]Zu den weiteren Dienstleistungen geh\u00f6ren Modelle f\u00fcr die Glasindustrie, Modelle f\u00fcr den Bauwesen, Design-Modelle, dekorative Modelle, Holzproduktion, Prototypen und Kunststoffgie\u00dfformen, sowie Reparaturen und \u00c4nderungen bestehender Modelle nach den Technologien verschiedener Gie\u00dfereien.<\/p>\n<p>Mit mehr als 30 Jahren Erfahrung und der neuesten CNC-Technologie und CAD-Software bieten wir schnelle und qualitativ hochwertige Anfertigung von Modellen, Prototypen und anderen Produkten.<\/p>\n<p><em>Konrad Hohler, Direktor<\/em>[\/vc_column_text][\/vc_column][\/vc_row][vc_row full_width=&#8220;stretch_row&#8220; css=&#8220;.vc_custom_1525074501996{background-color: #6badd9 !important;}&#8220;][vc_column]<div style=\"color:#ffffff\" class=\"factory-cta-box\">\n            <p style=\"color:#ffffff\">BEGINNEN SIE EIN NEUES PROJEKT? <\/p>\n            <a href=\"https:\/\/www.modelarstvo-hohler.si\/de\/kontakt\/\" class=\"factory-btn factory-cta-btn\">Kontaktieren Sie uns<\/a>\n        <\/div>[\/vc_column][\/vc_row][vc_row disable_element=&#8220;yes&#8220;][vc_column width=&#8220;1\/4&#8243;]<div class=\"factory-single-staff\">\n\n                        <div class=\"factory-staff-img\"><img src=\"\" alt=\"Tamanna Ferdous\">\n                        <\/div>\n                        <div class=\"factory-staff-detail\">\n                            <h4>Tamanna Ferdous<\/h4><span class=\"factory-staff-position\">Graphic Designer<\/span><ul class=\"factory-staff-social-link\"><li><a href=\"#\" target=\"_blank\"><i class=\"fa fa-facebook\"><\/i><\/a><\/li><li><a href=\"#\" target=\"_blank\"><i class=\"fa fa-google-plus\"><\/i><\/a><\/li><li><a href=\"#\" target=\"_blank\"><i class=\"fa fa-youtube\"><\/i><\/a><\/li><li><a href=\"#\" target=\"_blank\"><i class=\"fa fa-linkedin\"><\/i><\/a><\/li><\/ul>\n                        <\/div>\n    <\/div>[\/vc_column][vc_column width=&#8220;1\/4&#8243;]<div class=\"factory-single-staff\">\n\n                        <div class=\"factory-staff-img\"><img src=\"\" alt=\"Rasel Ahmed\">\n                        <\/div>\n                        <div class=\"factory-staff-detail\">\n                            <h4>Rasel Ahmed<\/h4><span class=\"factory-staff-position\">Graphic Designer<\/span><ul class=\"factory-staff-social-link\"><li><a href=\"#\" target=\"_blank\"><i class=\"fa fa-facebook\"><\/i><\/a><\/li><li><a href=\"#\" target=\"_blank\"><i class=\"fa fa-google-plus\"><\/i><\/a><\/li><li><a href=\"#\" target=\"_blank\"><i class=\"fa fa-youtube\"><\/i><\/a><\/li><li><a href=\"#\" target=\"_blank\"><i class=\"fa fa-linkedin\"><\/i><\/a><\/li><\/ul>\n                        <\/div>\n    <\/div>[\/vc_column][vc_column width=&#8220;1\/4&#8243;]<div class=\"factory-single-staff\">\n\n                        <div class=\"factory-staff-img\"><img src=\"\" alt=\"Romana Nasrin\">\n                        <\/div>\n                        <div class=\"factory-staff-detail\">\n                            <h4>Romana Nasrin<\/h4><span class=\"factory-staff-position\">Graphic Designer<\/span><ul class=\"factory-staff-social-link\"><li><a href=\"#\" target=\"_blank\"><i class=\"fa fa-facebook\"><\/i><\/a><\/li><li><a href=\"#\" target=\"_blank\"><i class=\"fa fa-google-plus\"><\/i><\/a><\/li><li><a href=\"#\" target=\"_blank\"><i class=\"fa fa-youtube\"><\/i><\/a><\/li><li><a href=\"#\" target=\"_blank\"><i class=\"fa fa-linkedin\"><\/i><\/a><\/li><\/ul>\n                        <\/div>\n    <\/div>[\/vc_column][vc_column width=&#8220;1\/4&#8243;]<div class=\"factory-single-staff\">\n\n                        <div class=\"factory-staff-img\"><img src=\"\" alt=\"Delowar Hossain\">\n                        <\/div>\n                        <div class=\"factory-staff-detail\">\n                            <h4>Delowar Hossain<\/h4><span class=\"factory-staff-position\">Graphic Designer<\/span><ul class=\"factory-staff-social-link\"><li><a href=\"#\" target=\"_blank\"><i class=\"fa fa-facebook\"><\/i><\/a><\/li><li><a href=\"#\" target=\"_blank\"><i class=\"fa fa-google-plus\"><\/i><\/a><\/li><li><a href=\"#\" target=\"_blank\"><i class=\"fa fa-youtube\"><\/i><\/a><\/li><li><a href=\"#\" target=\"_blank\"><i class=\"fa fa-linkedin\"><\/i><\/a><\/li><\/ul>\n                        <\/div>\n    <\/div>[\/vc_column][\/vc_row][vc_row][vc_column]\n        <div class=\"factory-section-title\"><h2>WIR ARBEITEN ZUSAMMEN MIT <\/h2><p>Wir stellen einige Partner vor, mit denen wir zusammenarbeiten.<\/p>\n<\/div>[\/vc_column][\/vc_row][vc_row el_class=&#8220;border-area&#8220;][vc_column]\n    <script>\n        jQuery(document).ready(function($){\n            $(\".factory-partner-logos\").owlCarousel({\n                loop: true,\n                autoplay: true,\n                dots: false,\n                nav: true,\n                autoplayTimeout: 2000,\n                navText: [\"<i class='fa fa-angle-left'><\/i>\", \"<i class='fa fa-angle-right'><\/i>\"],\n                responsive:{\n                    0:{\n                        items:1\n                    },\n                    600:{\n                        items:3\n                    },\n                    1000:{\n                        items:4\n                    }\n                }\n                \n            });\n        });\n    <\/script>      \n    <div class=\"factory-partner-logos\"><img alt=\"\" src=\"https:\/\/www.modelarstvo-hohler.si\/de\/wp-content\/uploads\/2018\/04\/EMO-logo1.png\"\/><img alt=\"\" src=\"https:\/\/www.modelarstvo-hohler.si\/de\/wp-content\/uploads\/2018\/04\/imensek.jpg\"\/><img alt=\"\" src=\"https:\/\/www.modelarstvo-hohler.si\/de\/wp-content\/uploads\/2018\/04\/kovinoplastikalo_logo.jpg\"\/><img alt=\"\" src=\"https:\/\/www.modelarstvo-hohler.si\/de\/wp-content\/uploads\/2018\/04\/valji-logo1.png\"\/><img alt=\"\" src=\"https:\/\/www.modelarstvo-hohler.si\/de\/wp-content\/uploads\/2018\/04\/logo_tcs.jpg\"\/><img alt=\"\" src=\"https:\/\/www.modelarstvo-hohler.si\/de\/wp-content\/uploads\/2023\/02\/logo-FOND-STAMP-300x106.jpg\"\/><img alt=\"\" src=\"https:\/\/www.modelarstvo-hohler.si\/de\/wp-content\/uploads\/2023\/02\/lkr_logo-300x47.png\"\/><img alt=\"\" src=\"https:\/\/www.modelarstvo-hohler.si\/de\/wp-content\/uploads\/2023\/02\/logo-GORENJE-ORODJARNA-300x60.png\"\/><img alt=\"\" src=\"https:\/\/www.modelarstvo-hohler.si\/de\/wp-content\/uploads\/2023\/02\/logo-METALID-300x115.png\"\/><img alt=\"\" src=\"https:\/\/www.modelarstvo-hohler.si\/de\/wp-content\/uploads\/2023\/02\/logo-Romheld-300x37.png\"\/><img alt=\"\" src=\"https:\/\/www.modelarstvo-hohler.si\/de\/wp-content\/uploads\/2023\/02\/logo-ERNST-LEOPOLD-300x155.jpg\"\/><\/div>[\/vc_column][\/vc_row]<\/p>\n","protected":false},"excerpt":{"rendered":"<p>[vc_row css=&#8220;.vc_custom_1525070206327{padding-top: 100px !important;padding-bottom: 10px !important;}&#8220;][vc_column width=&#8220;5\/12&#8243;][vc_single_image image=&#8220;808&#8243; img_size=&#8220;full&#8220; el_class=&#8220;bordered-image&#8220;][\/vc_column][vc_column width=&#8220;7\/12&#8243;][vc_column_text]\u00dcber das Unternehmen Wir sind ein Familienunternehmen mit einer Geschichte, die bis ins Jahr 1981 zur\u00fcckreicht. Wir zeichnen uns vor allem durch Qualit\u00e4t, Zuverl\u00e4ssigkeit und Tradition aus. Heute spielen wir eine wichtige Rolle in der Industrie der CNC-Technologien zum Fr\u00e4sen und Formen von weichen Materialien [&hellip;]<\/p>\n","protected":false},"author":1,"featured_media":854,"parent":0,"menu_order":0,"comment_status":"closed","ping_status":"closed","template":"","meta":[],"aioseo_notices":[],"_links":{"self":[{"href":"https:\/\/www.modelarstvo-hohler.si\/de\/wp-json\/wp\/v2\/pages\/579"}],"collection":[{"href":"https:\/\/www.modelarstvo-hohler.si\/de\/wp-json\/wp\/v2\/pages"}],"about":[{"href":"https:\/\/www.modelarstvo-hohler.si\/de\/wp-json\/wp\/v2\/types\/page"}],"author":[{"embeddable":true,"href":"https:\/\/www.modelarstvo-hohler.si\/de\/wp-json\/wp\/v2\/users\/1"}],"replies":[{"embeddable":true,"href":"https:\/\/www.modelarstvo-hohler.si\/de\/wp-json\/wp\/v2\/comments?post=579"}],"version-history":[{"count":24,"href":"https:\/\/www.modelarstvo-hohler.si\/de\/wp-json\/wp\/v2\/pages\/579\/revisions"}],"predecessor-version":[{"id":1101,"href":"https:\/\/www.modelarstvo-hohler.si\/de\/wp-json\/wp\/v2\/pages\/579\/revisions\/1101"}],"wp:featuredmedia":[{"embeddable":true,"href":"https:\/\/www.modelarstvo-hohler.si\/de\/wp-json\/wp\/v2\/media\/854"}],"wp:attachment":[{"href":"https:\/\/www.modelarstvo-hohler.si\/de\/wp-json\/wp\/v2\/media?parent=579"}],"curies":[{"name":"wp","href":"https:\/\/api.w.org\/{rel}","templated":true}]}}