{"id":580,"date":"2016-11-03T07:33:14","date_gmt":"2016-11-03T07:33:14","guid":{"rendered":"http:\/\/dedicated.crazycafe.net\/factory\/?page_id=9"},"modified":"2018-07-09T13:04:49","modified_gmt":"2018-07-09T11:04:49","slug":"dienstleistung","status":"publish","type":"page","link":"https:\/\/www.modelarstvo-hohler.si\/de\/dienstleistung\/","title":{"rendered":"Dienstleistung"},"content":{"rendered":"<p>[vc_row css=&#8220;.vc_custom_1528958273988{margin-top: 30px !important;}&#8220;][vc_column width=&#8220;1\/3&#8243;]<div class=\"factory-service-box\">\n            <div class=\"factory-service-box-image\">\n                <div class=\"factory-service-img\" style=\"background-image:url(https:\/\/www.modelarstvo-hohler.si\/de\/wp-content\/uploads\/2018\/05\/DR2_9370-livarski-modeli-1-300x200.jpg)\"><\/div>\n                <h2>GU\u00dfMODELLE <\/h2>\n            <\/div>\n            <div class=\"factory-service-box-content\">\n                <p>Unsere Hauptt\u00e4tigkeit ist die Herstellung aller Arten von Modellen (Styropor-Holz-Kunststoff) f\u00fcr die Bed\u00fcrfnisse der Anfertigung von Gu\u00dfst\u00fccken. Wir produzieren haupts\u00e4chlich einzigartige Styropormodelle ...<\/p>\n\n                <a href=\"https:\/\/www.modelarstvo-hohler.si\/de\/dienstleistung\/gusmodelle\/\">Mehr dar\u00fcber lesen <i class=\"fa fa-long-arrow-right\"><\/i><\/a>\n            <\/div>\n        <\/div>[\/vc_column][vc_column width=&#8220;1\/3&#8243;]<div class=\"factory-service-box\">\n            <div class=\"factory-service-box-image\">\n                <div class=\"factory-service-img\" style=\"background-image:url(https:\/\/www.modelarstvo-hohler.si\/de\/wp-content\/uploads\/2018\/05\/20120722_134007-leseni-izdelki-300x214.jpg)\"><\/div>\n                <h2>HOLZPRODUKTE <\/h2>\n            <\/div>\n            <div class=\"factory-service-box-content\">\n                <p>Auf Wunsch fertigen wir M\u00f6bel und Inneneinrichtungen aus hochwertigen und langlebigen Materialien. Mit Wissen und Erfahrungen k\u00f6nnen wir Sie entsprechend beraten und neue L\u00f6sungen vorschlagen.<\/p>\n\n                <a href=\"https:\/\/www.modelarstvo-hohler.si\/de\/dienstleistung\/holzprodukte\/\">Mehr dar\u00fcber lesen <i class=\"fa fa-long-arrow-right\"><\/i><\/a>\n            <\/div>\n        <\/div>[\/vc_column][vc_column width=&#8220;1\/3&#8243;]<div class=\"factory-service-box\">\n            <div class=\"factory-service-box-image\">\n                <div class=\"factory-service-img\" style=\"background-image:url(https:\/\/www.modelarstvo-hohler.si\/de\/wp-content\/uploads\/2018\/05\/DR2_9474-brizganje-plastike-300x267.jpg)\"><\/div>\n                <h2>KUNSTSTOFF-SPRITZGIE\u00dfEN <\/h2>\n            <\/div>\n            <div class=\"factory-service-box-content\">\n                <p>Wir bieten Ihnen hochwertiges Kunststoff-Spritzgie\u00dfen, wobei Ihnen die Erfahrungen, das Wissen und die Motivation des Unternehmens Hohler ...<\/p>\n\n                <a href=\"https:\/\/www.modelarstvo-hohler.si\/de\/dienstleistung\/kunststoff-spritzgiesen\/\">Mehr dar\u00fcber lesen <i class=\"fa fa-long-arrow-right\"><\/i><\/a>\n            <\/div>\n        <\/div>[\/vc_column][\/vc_row][vc_row][vc_column width=&#8220;1\/4&#8243;]<div class=\"factory-service-box\">\n            <div class=\"factory-service-box-image\">\n                <div class=\"factory-service-img\" style=\"background-image:url(https:\/\/www.modelarstvo-hohler.si\/de\/wp-content\/uploads\/2018\/05\/DSC_0199-okrasne-letve-\u0161tukature-239x300.jpg)\"><\/div>\n                <h2>ZIERLEISTEN-STUKKATUREN-SIMS<\/h2>\n            <\/div>\n            <div class=\"factory-service-box-content\">\n                <p>Auf Anfrage produzieren wir Zierleisten \u2013 Stukkaturen - Sims f\u00fcr das Bauwesen - Fassaden aus verschiedenen Materialien (Styropor, Polyurethan, Styrodur).<\/p>\n\n                <a href=\"https:\/\/www.modelarstvo-hohler.si\/de\/dienstleistung\/zierleisten-stukkaturen-sims\/\">Mehr dar\u00fcber lesen <i class=\"fa fa-long-arrow-right\"><\/i><\/a>\n            <\/div>\n        <\/div>[\/vc_column][vc_column width=&#8220;1\/4&#8243;]<div class=\"factory-service-box\">\n            <div class=\"factory-service-box-image\">\n                <div class=\"factory-service-img\" style=\"background-image:url(https:\/\/www.modelarstvo-hohler.si\/de\/wp-content\/uploads\/2018\/05\/DR2_9081-3D-modeliranje-in-konstruiranje-300x200.jpg)\"><\/div>\n                <h2>3D MODELLIERUNG - KONSTRUKTION<\/h2>\n            <\/div>\n            <div class=\"factory-service-box-content\">\n                <p>Die langj\u00e4hrigen Erfahrungen unserer CNC-Programmierer ist ein gro\u00dfer Mehrwert in Form von schneller Entwicklung, effizientem Materialeinsatz ...<\/p>\n\n                <a href=\"https:\/\/www.modelarstvo-hohler.si\/de\/dienstleistung\/3d-modellierung-konstruktion\/\">Mehr dar\u00fcber lesen <i class=\"fa fa-long-arrow-right\"><\/i><\/a>\n            <\/div>\n        <\/div>[\/vc_column][vc_column width=&#8220;1\/4&#8243;]<div class=\"factory-service-box\">\n            <div class=\"factory-service-box-image\">\n                <div class=\"factory-service-img\" style=\"background-image:url(https:\/\/www.modelarstvo-hohler.si\/de\/wp-content\/uploads\/2018\/05\/20170824_162139-unikatni-izdelki-289x300.jpg)\"><\/div>\n                <h2>UNIKATE PRODUKTE <\/h2>\n            <\/div>\n            <div class=\"factory-service-box-content\">\n                <p>Wir bieten Ihnen die Anfertigung von unikaten Produkten, bei denen die Grenze nur Ihre Phantasie ist. Sie haben eine Idee - wir realisieren sie.<\/p>\n\n                <a href=\"https:\/\/www.modelarstvo-hohler.si\/de\/dienstleistung\/unikate-produkte\/\">Mehr dar\u00fcber lesen <i class=\"fa fa-long-arrow-right\"><\/i><\/a>\n            <\/div>\n        <\/div>[\/vc_column][vc_column width=&#8220;1\/4&#8243;]<div class=\"factory-service-box\">\n            <div class=\"factory-service-box-image\">\n                <div class=\"factory-service-img\" style=\"background-image:url(https:\/\/www.modelarstvo-hohler.si\/de\/wp-content\/uploads\/2018\/05\/2012-10-01-1050-prototipi-300x184.jpg)\"><\/div>\n                <h2>PROTOTYPEN<\/h2>\n            <\/div>\n            <div class=\"factory-service-box-content\">\n                <p>Wir bieten eine schnelle, pr\u00e4zise und hochwertige Produktion von Prototyp Styropor-Mustern f\u00fcr Design-Modelle ...<\/p>\n\n                <a href=\"https:\/\/www.modelarstvo-hohler.si\/de\/dienstleistung\/prototypen\/\">Mehr dar\u00fcber lesen <i class=\"fa fa-long-arrow-right\"><\/i><\/a>\n            <\/div>\n        <\/div>[\/vc_column][\/vc_row]<\/p>\n","protected":false},"excerpt":{"rendered":"<p>[vc_row css=&#8220;.vc_custom_1528958273988{margin-top: 30px !important;}&#8220;][vc_column width=&#8220;1\/3&#8243;][\/vc_column][vc_column width=&#8220;1\/3&#8243;][\/vc_column][vc_column width=&#8220;1\/3&#8243;][\/vc_column][\/vc_row][vc_row][vc_column width=&#8220;1\/4&#8243;][\/vc_column][vc_column width=&#8220;1\/4&#8243;][\/vc_column][vc_column width=&#8220;1\/4&#8243;][\/vc_column][vc_column width=&#8220;1\/4&#8243;][\/vc_column][\/vc_row]<\/p>\n","protected":false},"author":1,"featured_media":1068,"parent":0,"menu_order":0,"comment_status":"closed","ping_status":"closed","template":"","meta":[],"aioseo_notices":[],"_links":{"self":[{"href":"https:\/\/www.modelarstvo-hohler.si\/de\/wp-json\/wp\/v2\/pages\/580"}],"collection":[{"href":"https:\/\/www.modelarstvo-hohler.si\/de\/wp-json\/wp\/v2\/pages"}],"about":[{"href":"https:\/\/www.modelarstvo-hohler.si\/de\/wp-json\/wp\/v2\/types\/page"}],"author":[{"embeddable":true,"href":"https:\/\/www.modelarstvo-hohler.si\/de\/wp-json\/wp\/v2\/users\/1"}],"replies":[{"embeddable":true,"href":"https:\/\/www.modelarstvo-hohler.si\/de\/wp-json\/wp\/v2\/comments?post=580"}],"version-history":[{"count":18,"href":"https:\/\/www.modelarstvo-hohler.si\/de\/wp-json\/wp\/v2\/pages\/580\/revisions"}],"predecessor-version":[{"id":1023,"href":"https:\/\/www.modelarstvo-hohler.si\/de\/wp-json\/wp\/v2\/pages\/580\/revisions\/1023"}],"wp:featuredmedia":[{"embeddable":true,"href":"https:\/\/www.modelarstvo-hohler.si\/de\/wp-json\/wp\/v2\/media\/1068"}],"wp:attachment":[{"href":"https:\/\/www.modelarstvo-hohler.si\/de\/wp-json\/wp\/v2\/media?parent=580"}],"curies":[{"name":"wp","href":"https:\/\/api.w.org\/{rel}","templated":true}]}}