{"id":695,"date":"2018-04-30T07:40:28","date_gmt":"2018-04-30T05:40:28","guid":{"rendered":"http:\/\/www.modelarstvo-hohler.si\/de\/?page_id=695"},"modified":"2018-06-27T08:10:26","modified_gmt":"2018-06-27T06:10:26","slug":"3d-modellierung-konstruktion","status":"publish","type":"page","link":"https:\/\/www.modelarstvo-hohler.si\/de\/dienstleistung\/3d-modellierung-konstruktion\/","title":{"rendered":"3d modellierung &#8211; konstruktion"},"content":{"rendered":"<p>[vc_row css=&#8220;.vc_custom_1478186649673{padding-top: 100px !important;padding-bottom: 60px !important;}&#8220;][vc_column][vc_column_text]Die langj\u00e4hrigen Erfahrungen unserer CNC-Programmierer ist ein gro\u00dfer Mehrwert in Form von schneller Entwicklung, effizientem Materialeinsatz, Flexibilit\u00e4t bei \u00c4nderungen in nachfolgenden Fertigungsphasen und bietet zus\u00e4tzlichen Schutz vor m\u00f6glichen Konstruktionsfehlern.<\/p>\n<p>Zweckgem\u00e4\u00dfe Technologie erm\u00f6glicht uns schnellere Bearbeitung und direkte Auswirkungen auf die Kosteneffizienz und schnelle Produktion.<\/p>\n<p>Der Prozess beginnt mit der Konstruktion von CAD-Zeichnungen, die vom Kunden geliefert oder auf Bestellung angefertigt werden. F\u00fcr den Datentransfer und das Versionsmanagement nutzen wir Standard-Kommunikationskan\u00e4le wie FTP-Server sowie vorab vereinbarte interne Standards zum leichteren Verst\u00e4ndnis spezieller Bearbeitungen oder Korrekturen w\u00e4hrend des Fertigungsprozesses.<\/p>\n<p>Ein wichtiger Schritt im Herstellungsprozess ist die CNC-Programmierung und Vorbereitung f\u00fcr die Bearbeitung.<\/p>\n<p>Dabei verwenden wir die neuesten Versionen der SolidWorks und HyperMill Softwarel\u00f6sungen.<\/p>\n<p>High-Tech ist die Zukunft, trotzdem d\u00fcrfen wir aber die Erfahrungen, das Wissen und die manuelle Arbeit nicht vernachl\u00e4ssigen.<\/p>\n<p>Beim Fr\u00e4sen verwenden wir spezielle CNC-Maschinen f\u00fcr weiche Materialien, Blockmaterialien und Holzmaterialien.<\/p>\n<p>Die abschlie\u00dfenden Schritte und die Qualit\u00e4tskontrolle werden manuell durchgef\u00fchrt. In dieser Phase kommen zum Ausdruck langj\u00e4hrige Erfahrungen und erworbenes Wissen.<\/p>\n<style id=\"bwg-style-0\">    #bwg_container1_0 #bwg_container2_0 .bwg-container-0.bwg-standard-thumbnails {      width: 1502px;              justify-content: center;        margin:0 auto !important;              background-color: rgba(255, 255, 255, 0.00);            padding-left: 2px;      padding-top: 2px;      max-width: 100%;            }        #bwg_container1_0 #bwg_container2_0 .bwg-container-0.bwg-standard-thumbnails .bwg-item {    justify-content: flex-start;      max-width: 250px;            width: 250px !important;          }    #bwg_container1_0 #bwg_container2_0 .bwg-container-0.bwg-standard-thumbnails .bwg-item a {       margin-right: 2px;       margin-bottom: 2px;    }    #bwg_container1_0 #bwg_container2_0 .bwg-container-0.bwg-standard-thumbnails .bwg-item0 {      padding: 0px;            background-color:rgba(255,255,255, 0.30);      border: 0px none #CCCCCC;      opacity: 1.00;      border-radius: 0;      box-shadow: ;    }    #bwg_container1_0 #bwg_container2_0 .bwg-container-0.bwg-standard-thumbnails .bwg-item1 img {      max-height: none;      max-width: none;      padding: 0 !important;    }        @media only screen and (min-width: 480px) {      #bwg_container1_0 #bwg_container2_0 .bwg-container-0.bwg-standard-thumbnails .bwg-item0 {        transition: all 0.3s ease 0s;-webkit-transition: all 0.3s ease 0s;      }      #bwg_container1_0 #bwg_container2_0 .bwg-container-0.bwg-standard-thumbnails .bwg-item0:hover {        -ms-transform: scale(1.08);        -webkit-transform: scale(1.08);        transform: scale(1.08);      }    }          #bwg_container1_0 #bwg_container2_0 .bwg-container-0.bwg-standard-thumbnails .bwg-item1 {      padding-top: 56%;    }        #bwg_container1_0 #bwg_container2_0 .bwg-container-0.bwg-standard-thumbnails .bwg-title2,    #bwg_container1_0 #bwg_container2_0 .bwg-container-0.bwg-standard-thumbnails .bwg-ecommerce2 {      color: #CCCCCC;      font-family: Ubuntu;      font-size: 16px;      font-weight: bold;      padding: 2px;      text-shadow: 0px 0px 0px #888888;      max-height: 100%;    }    #bwg_container1_0 #bwg_container2_0 .bwg-container-0.bwg-standard-thumbnails .bwg-thumb-description span {    color: #323A45;    font-family: Ubuntu;    font-size: 12px;    max-height: 100%;    word-wrap: break-word;    }    #bwg_container1_0 #bwg_container2_0 .bwg-container-0.bwg-standard-thumbnails .bwg-play-icon2 {      font-size: 32px;    }    #bwg_container1_0 #bwg_container2_0 .bwg-container-0.bwg-standard-thumbnails .bwg-ecommerce2 {      font-size: 19.2px;      color: #CCCCCC;    }    <\/style>    <div id=\"bwg_container1_0\"         class=\"bwg_container bwg_thumbnail bwg_thumbnails \"         data-right-click-protection=\"0\"         data-bwg=\"0\"         data-scroll=\"0\"         data-gallery-type=\"thumbnails\"         data-gallery-view-type=\"thumbnails\"         data-current-url=\"\/de\/wp-json\/wp\/v2\/pages\/695\"         data-lightbox-url=\"https:\/\/www.modelarstvo-hohler.si\/de\/wp-admin\/admin-ajax.php?action=GalleryBox&#038;current_view=0&#038;gallery_id=5&#038;tag=0&#038;theme_id=1&#038;shortcode_id=18&#038;sort_by=order&#038;order_by=asc&#038;current_url=%2Fde%2Fwp-json%2Fwp%2Fv2%2Fpages%2F695\"         data-gallery-id=\"5\"         data-popup-width=\"800\"         data-popup-height=\"600\"         data-is-album=\"gallery\"         data-buttons-position=\"bottom\">      <div id=\"bwg_container2_0\">             <div id=\"ajax_loading_0\" class=\"bwg_loading_div_1\">      <div class=\"bwg_loading_div_2\">        <div class=\"bwg_loading_div_3\">          <div id=\"loading_div_0\" class=\"bwg_spider_ajax_loading\">          <\/div>        <\/div>      <\/div>    <\/div>            <form id=\"gal_front_form_0\"              class=\"bwg-hidden\"              method=\"post\"              action=\"#\"              data-current=\"0\"              data-shortcode-id=\"18\"              data-gallery-type=\"thumbnails\"              data-gallery-id=\"5\"              data-tag=\"0\"              data-album-id=\"0\"              data-theme-id=\"1\"              data-ajax-url=\"https:\/\/www.modelarstvo-hohler.si\/de\/wp-admin\/admin-ajax.php?action=bwg_frontend_data\">          <div id=\"bwg_container3_0\" class=\"bwg-background bwg-background-0\">                <div data-max-count=\"6\"         data-thumbnail-width=\"250\"         data-bwg=\"0\"         data-gallery-id=\"5\"         data-lightbox-url=\"https:\/\/www.modelarstvo-hohler.si\/de\/wp-admin\/admin-ajax.php?action=GalleryBox&amp;current_view=0&amp;gallery_id=5&amp;tag=0&amp;theme_id=1&amp;shortcode_id=18&amp;sort_by=order&amp;order_by=asc&amp;current_url=%2Fde%2Fwp-json%2Fwp%2Fv2%2Fpages%2F695\"         id=\"bwg_thumbnails_0\"         class=\"bwg-container-0 bwg-thumbnails bwg-standard-thumbnails bwg-container bwg-border-box\">            <div class=\"bwg-item\">        <a class=\"bwg-a  bwg_lightbox\"  data-image-id=\"408\" href=\"https:\/\/www.modelarstvo-hohler.si\/de\/wp-content\/uploads\/photo-gallery\/3d_modeliranje\/DR2_9078.jpg\" data-elementor-open-lightbox=\"no\">                <div class=\"bwg-item0 \">          <div class=\"bwg-item1 \">            <div class=\"bwg-item2\">              <img class=\"skip-lazy bwg_standart_thumb_img_0 \"                   data-id=\"408\"                   data-width=\"\"                   data-height=\"\"                   data-src=\"https:\/\/www.modelarstvo-hohler.si\/de\/wp-content\/uploads\/photo-gallery\/3d_modeliranje\/thumb\/DR2_9078.jpg\"                   src=\"https:\/\/www.modelarstvo-hohler.si\/de\/wp-content\/uploads\/photo-gallery\/3d_modeliranje\/thumb\/DR2_9078.jpg\"                   alt=\"DR2 9078\"                   title=\"DR2 9078\" \/>            <\/div>            <div class=\"\">                                                      <\/div>          <\/div>        <\/div>                        <\/a>              <\/div>            <div class=\"bwg-item\">        <a class=\"bwg-a  bwg_lightbox\"  data-image-id=\"407\" href=\"https:\/\/www.modelarstvo-hohler.si\/de\/wp-content\/uploads\/photo-gallery\/3d_modeliranje\/DR2_9081.jpg\" data-elementor-open-lightbox=\"no\">                <div class=\"bwg-item0 \">          <div class=\"bwg-item1 \">            <div class=\"bwg-item2\">              <img class=\"skip-lazy bwg_standart_thumb_img_0 \"                   data-id=\"407\"                   data-width=\"\"                   data-height=\"\"                   data-src=\"https:\/\/www.modelarstvo-hohler.si\/de\/wp-content\/uploads\/photo-gallery\/3d_modeliranje\/thumb\/DR2_9081.jpg\"                   src=\"https:\/\/www.modelarstvo-hohler.si\/de\/wp-content\/uploads\/photo-gallery\/3d_modeliranje\/thumb\/DR2_9081.jpg\"                   alt=\"DR2 9081\"                   title=\"DR2 9081\" \/>            <\/div>            <div class=\"\">                                                      <\/div>          <\/div>        <\/div>                        <\/a>              <\/div>            <div class=\"bwg-item\">        <a class=\"bwg-a  bwg_lightbox\"  data-image-id=\"406\" href=\"https:\/\/www.modelarstvo-hohler.si\/de\/wp-content\/uploads\/photo-gallery\/3d_modeliranje\/DR2_9083.jpg\" data-elementor-open-lightbox=\"no\">                <div class=\"bwg-item0 \">          <div class=\"bwg-item1 \">            <div class=\"bwg-item2\">              <img class=\"skip-lazy bwg_standart_thumb_img_0 \"                   data-id=\"406\"                   data-width=\"\"                   data-height=\"\"                   data-src=\"https:\/\/www.modelarstvo-hohler.si\/de\/wp-content\/uploads\/photo-gallery\/3d_modeliranje\/thumb\/DR2_9083.jpg\"                   src=\"https:\/\/www.modelarstvo-hohler.si\/de\/wp-content\/uploads\/photo-gallery\/3d_modeliranje\/thumb\/DR2_9083.jpg\"                   alt=\"DR2 9083\"                   title=\"DR2 9083\" \/>            <\/div>            <div class=\"\">                                                      <\/div>          <\/div>        <\/div>                        <\/a>              <\/div>            <div class=\"bwg-item\">        <a class=\"bwg-a  bwg_lightbox\"  data-image-id=\"405\" href=\"https:\/\/www.modelarstvo-hohler.si\/de\/wp-content\/uploads\/photo-gallery\/3d_modeliranje\/DR2_9096.jpg\" data-elementor-open-lightbox=\"no\">                <div class=\"bwg-item0 \">          <div class=\"bwg-item1 \">            <div class=\"bwg-item2\">              <img class=\"skip-lazy bwg_standart_thumb_img_0 \"                   data-id=\"405\"                   data-width=\"\"                   data-height=\"\"                   data-src=\"https:\/\/www.modelarstvo-hohler.si\/de\/wp-content\/uploads\/photo-gallery\/3d_modeliranje\/thumb\/DR2_9096.jpg\"                   src=\"https:\/\/www.modelarstvo-hohler.si\/de\/wp-content\/uploads\/photo-gallery\/3d_modeliranje\/thumb\/DR2_9096.jpg\"                   alt=\"DR2 9096\"                   title=\"DR2 9096\" \/>            <\/div>            <div class=\"\">                                                      <\/div>          <\/div>        <\/div>                        <\/a>              <\/div>            <div class=\"bwg-item\">        <a class=\"bwg-a  bwg_lightbox\"  data-image-id=\"404\" href=\"https:\/\/www.modelarstvo-hohler.si\/de\/wp-content\/uploads\/photo-gallery\/3d_modeliranje\/DR2_9092.jpg\" data-elementor-open-lightbox=\"no\">                <div class=\"bwg-item0 \">          <div class=\"bwg-item1 \">            <div class=\"bwg-item2\">              <img class=\"skip-lazy bwg_standart_thumb_img_0 \"                   data-id=\"404\"                   data-width=\"\"                   data-height=\"\"                   data-src=\"https:\/\/www.modelarstvo-hohler.si\/de\/wp-content\/uploads\/photo-gallery\/3d_modeliranje\/thumb\/DR2_9092.jpg\"                   src=\"https:\/\/www.modelarstvo-hohler.si\/de\/wp-content\/uploads\/photo-gallery\/3d_modeliranje\/thumb\/DR2_9092.jpg\"                   alt=\"DR2 9092\"                   title=\"DR2 9092\" \/>            <\/div>            <div class=\"\">                                                      <\/div>          <\/div>        <\/div>                        <\/a>              <\/div>            <div class=\"bwg-item\">        <a class=\"bwg-a  bwg_lightbox\"  data-image-id=\"403\" href=\"https:\/\/www.modelarstvo-hohler.si\/de\/wp-content\/uploads\/photo-gallery\/3d_modeliranje\/DR2_9078.jpg\" data-elementor-open-lightbox=\"no\">                <div class=\"bwg-item0 \">          <div class=\"bwg-item1 \">            <div class=\"bwg-item2\">              <img class=\"skip-lazy bwg_standart_thumb_img_0 \"                   data-id=\"403\"                   data-width=\"\"                   data-height=\"\"                   data-src=\"https:\/\/www.modelarstvo-hohler.si\/de\/wp-content\/uploads\/photo-gallery\/3d_modeliranje\/thumb\/DR2_9078.jpg\"                   src=\"https:\/\/www.modelarstvo-hohler.si\/de\/wp-content\/uploads\/photo-gallery\/3d_modeliranje\/thumb\/DR2_9078.jpg\"                   alt=\"DR2 9078\"                   title=\"DR2 9078\" \/>            <\/div>            <div class=\"\">                                                      <\/div>          <\/div>        <\/div>                        <\/a>              <\/div>            <div class=\"bwg-item\">        <a class=\"bwg-a  bwg_lightbox\"  data-image-id=\"402\" href=\"https:\/\/www.modelarstvo-hohler.si\/de\/wp-content\/uploads\/photo-gallery\/3d_modeliranje\/DR2_9081.jpg\" data-elementor-open-lightbox=\"no\">                <div class=\"bwg-item0 \">          <div class=\"bwg-item1 \">            <div class=\"bwg-item2\">              <img class=\"skip-lazy bwg_standart_thumb_img_0 \"                   data-id=\"402\"                   data-width=\"\"                   data-height=\"\"                   data-src=\"https:\/\/www.modelarstvo-hohler.si\/de\/wp-content\/uploads\/photo-gallery\/3d_modeliranje\/thumb\/DR2_9081.jpg\"                   src=\"https:\/\/www.modelarstvo-hohler.si\/de\/wp-content\/uploads\/photo-gallery\/3d_modeliranje\/thumb\/DR2_9081.jpg\"                   alt=\"DR2 9081\"                   title=\"DR2 9081\" \/>            <\/div>            <div class=\"\">                                                      <\/div>          <\/div>        <\/div>                        <\/a>              <\/div>            <div class=\"bwg-item\">        <a class=\"bwg-a  bwg_lightbox\"  data-image-id=\"401\" href=\"https:\/\/www.modelarstvo-hohler.si\/de\/wp-content\/uploads\/photo-gallery\/3d_modeliranje\/DR2_9083.jpg\" data-elementor-open-lightbox=\"no\">                <div class=\"bwg-item0 \">          <div class=\"bwg-item1 \">            <div class=\"bwg-item2\">              <img class=\"skip-lazy bwg_standart_thumb_img_0 \"                   data-id=\"401\"                   data-width=\"\"                   data-height=\"\"                   data-src=\"https:\/\/www.modelarstvo-hohler.si\/de\/wp-content\/uploads\/photo-gallery\/3d_modeliranje\/thumb\/DR2_9083.jpg\"                   src=\"https:\/\/www.modelarstvo-hohler.si\/de\/wp-content\/uploads\/photo-gallery\/3d_modeliranje\/thumb\/DR2_9083.jpg\"                   alt=\"DR2 9083\"                   title=\"DR2 9083\" \/>            <\/div>            <div class=\"\">                                                      <\/div>          <\/div>        <\/div>                        <\/a>              <\/div>            <div class=\"bwg-item\">        <a class=\"bwg-a  bwg_lightbox\"  data-image-id=\"400\" href=\"https:\/\/www.modelarstvo-hohler.si\/de\/wp-content\/uploads\/photo-gallery\/3d_modeliranje\/DR2_9096.jpg\" data-elementor-open-lightbox=\"no\">                <div class=\"bwg-item0 \">          <div class=\"bwg-item1 \">            <div class=\"bwg-item2\">              <img class=\"skip-lazy bwg_standart_thumb_img_0 \"                   data-id=\"400\"                   data-width=\"\"                   data-height=\"\"                   data-src=\"https:\/\/www.modelarstvo-hohler.si\/de\/wp-content\/uploads\/photo-gallery\/3d_modeliranje\/thumb\/DR2_9096.jpg\"                   src=\"https:\/\/www.modelarstvo-hohler.si\/de\/wp-content\/uploads\/photo-gallery\/3d_modeliranje\/thumb\/DR2_9096.jpg\"                   alt=\"DR2 9096\"                   title=\"DR2 9096\" \/>            <\/div>            <div class=\"\">                                                      <\/div>          <\/div>        <\/div>                        <\/a>              <\/div>            <div class=\"bwg-item\">        <a class=\"bwg-a  bwg_lightbox\"  data-image-id=\"399\" href=\"https:\/\/www.modelarstvo-hohler.si\/de\/wp-content\/uploads\/photo-gallery\/3d_modeliranje\/DR2_9092.jpg\" data-elementor-open-lightbox=\"no\">                <div class=\"bwg-item0 \">          <div class=\"bwg-item1 \">            <div class=\"bwg-item2\">              <img class=\"skip-lazy bwg_standart_thumb_img_0 \"                   data-id=\"399\"                   data-width=\"\"                   data-height=\"\"                   data-src=\"https:\/\/www.modelarstvo-hohler.si\/de\/wp-content\/uploads\/photo-gallery\/3d_modeliranje\/thumb\/DR2_9092.jpg\"                   src=\"https:\/\/www.modelarstvo-hohler.si\/de\/wp-content\/uploads\/photo-gallery\/3d_modeliranje\/thumb\/DR2_9092.jpg\"                   alt=\"DR2 9092\"                   title=\"DR2 9092\" \/>            <\/div>            <div class=\"\">                                                      <\/div>          <\/div>        <\/div>                        <\/a>              <\/div>          <\/div>    <style>      \/*pagination styles*\/      #bwg_container1_0 #bwg_container2_0 .tablenav-pages_0 {\t\t\t\ttext-align: center;\t\t\t\tfont-size: 12px;\t\t\t\tfont-family: segoe ui;\t\t\t\tfont-weight: bold;\t\t\t\tcolor: #666666;\t\t\t\tmargin: 6px 0 4px;\t\t\t\tdisplay: block;      }      @media only screen and (max-width : 320px) {      #bwg_container1_0 #bwg_container2_0 .displaying-num_0 {     \t display: none;      }      }      #bwg_container1_0 #bwg_container2_0 .displaying-num_0 {\t\t\t\tfont-size: 12px;\t\t\t\tfont-family: segoe ui;\t\t\t\tfont-weight: bold;\t\t\t\tcolor: #666666;\t\t\t\tmargin-right: 10px;\t\t\t\tvertical-align: middle;      }      #bwg_container1_0 #bwg_container2_0 .paging-input_0 {\t\t\t\tfont-size: 12px;\t\t\t\tfont-family: segoe ui;\t\t\t\tfont-weight: bold;\t\t\t\tcolor: #666666;\t\t\t\tvertical-align: middle;      }      #bwg_container1_0 #bwg_container2_0 .tablenav-pages_0 a.disabled,      #bwg_container1_0 #bwg_container2_0 .tablenav-pages_0 a.disabled:hover,      #bwg_container1_0 #bwg_container2_0 .tablenav-pages_0 a.disabled:focus,\t\t\t#bwg_container1_0 #bwg_container2_0 .tablenav-pages_0 input.bwg_current_page {\t\t\t\tcursor: default;\t\t\t\tcolor: rgba(102, 102, 102, 0.5);      }      #bwg_container1_0 #bwg_container2_0 .tablenav-pages_0 a,      #bwg_container1_0 #bwg_container2_0 .tablenav-pages_0 input.bwg_current_page {\t\t\t\tcursor: pointer;\t\t\t\ttext-align: center;\t\t\t\tfont-size: 12px;\t\t\t\tfont-family: segoe ui;\t\t\t\tfont-weight: bold;\t\t\t\tcolor: #666666;\t\t\t\ttext-decoration: none;\t\t\t\tpadding: 3px 6px;\t\t\t\tmargin: 0;\t\t\t\tborder-radius: 0;\t\t\t\tborder-style: solid;\t\t\t\tborder-width: 1px;\t\t\t\tborder-color: #E3E3E3;\t\t\t\t\t\t\t\tbackground-color: rgba(255, 255, 255, 1.00);\t\t\t\tbox-shadow: 0;\t\t\t\ttransition: all 0.3s ease 0s;-webkit-transition: all 0.3s ease 0s;      }      <\/style>      <span class=\"bwg_nav_cont_0\">              <div class=\"tablenav-pages_0\">                  <\/div>                <input type=\"hidden\" id=\"page_number_0\" name=\"page_number_0\" value=\"1\" \/>      <script type=\"text\/javascript\">        if( jQuery('.bwg_nav_cont_0').length > 1 ) {          jQuery('.bwg_nav_cont_0').first().remove()        }        function spider_page_0(cur, x, y, load_more) {          if (typeof load_more == \"undefined\") {            var load_more = false;          }          if (jQuery(cur).hasClass('disabled')) {            return false;          }          var items_county_0 = 1;          switch (y) {            case 1:              if (x >= items_county_0) {                document.getElementById('page_number_0').value = items_county_0;              }              else {                document.getElementById('page_number_0').value = x + 1;              }              break;            case 2:              document.getElementById('page_number_0').value = items_county_0;              break;            case -1:              if (x == 1) {                document.getElementById('page_number_0').value = 1;              }              else {                document.getElementById('page_number_0').value = x - 1;              }              break;            case -2:              document.getElementById('page_number_0').value = 1;              break;\t\t\t\t\t\tcase 0:              document.getElementById('page_number_0').value = x;              break;            default:              document.getElementById('page_number_0').value = 1;          }          bwg_ajax('gal_front_form_0', '0', 'bwg_thumbnails_0', '0', '', 'gallery', 0, '', '', load_more, '', 1);        }                    jQuery('.first-page-0').on('click', function () {              spider_page_0(this, 1, -2, 'numeric');              return false;            });            jQuery('.prev-page-0').on('click', function () {              spider_page_0(this, 1, -1, 'numeric');              return false;            });            jQuery('.next-page-0').on('click', function () {              spider_page_0(this, 1, 1, 'numeric');              return false;            });            jQuery('.last-page-0').on('click', function () {              spider_page_0(this, 1, 2, 'numeric');              return false;            });        \t\t\t\t\/* Change page on input enter. *\/        function bwg_change_page_0( e, that ) {          if (  e.key == 'Enter' ) {            var to_page = parseInt(jQuery(that).val());            var pages_count = jQuery(that).parents(\".pagination-links\").data(\"pages-count\");            var current_url_param = jQuery(that).attr('data-url-info');            if (to_page > pages_count) {              to_page = 1;            }\t \t\t\t\t\t\t\t\t\t\t\t\tspider_page_0(this, to_page, 0, 'numeric');\t\t\t\t\t\t\treturn false;\t\t\t\t\t\t          }          return true;        }        jQuery('.bwg_load_btn_0').on('click', function () {            spider_page_0(this, 1, 1, true);            return false;        });      <\/script>      <\/span>                <\/div>        <\/form>        <style>          #bwg_container1_0 #bwg_container2_0 #spider_popup_overlay_0 {          background-color: #EEEEEE;          opacity: 0.60;          }          <\/style>        <div id=\"bwg_spider_popup_loading_0\" class=\"bwg_spider_popup_loading\"><\/div>        <div id=\"spider_popup_overlay_0\" class=\"spider_popup_overlay\" onclick=\"spider_destroypopup(1000)\"><\/div>        <input type=\"hidden\" id=\"bwg_random_seed_0\" value=\"1889888454\">                <\/div>    <\/div>    <script>      if (document.readyState === 'complete') {        if( typeof bwg_main_ready == 'function' ) {          if ( jQuery(\"#bwg_container1_0\").height() ) {            bwg_main_ready(jQuery(\"#bwg_container1_0\"));          }        }      } else {        document.addEventListener('DOMContentLoaded', function() {          if( typeof bwg_main_ready == 'function' ) {            if ( jQuery(\"#bwg_container1_0\").height() ) {             bwg_main_ready(jQuery(\"#bwg_container1_0\"));            }          }        });      }    <\/script>    \n<p>[\/vc_column_text][\/vc_column][\/vc_row][vc_row full_width=&#8220;stretch_row&#8220; css=&#8220;.vc_custom_1525077302963{background-color: #6badd9 !important;}&#8220;][vc_column]<div style=\"color:#ffffff\" class=\"factory-cta-box\">\n            <p style=\"color:#ffffff\">BRAUCHEN SIE HILFE BEIM PROJEKT? <\/p>\n            <a href=\"https:\/\/www.modelarstvo-hohler.si\/de\/kontakt\/\" class=\"factory-btn factory-cta-btn\">KONTAKTIEREN SIE UNS<\/a>\n        <\/div>[\/vc_column][\/vc_row]<\/p>\n","protected":false},"excerpt":{"rendered":"<p>[vc_row css=&#8220;.vc_custom_1478186649673{padding-top: 100px !important;padding-bottom: 60px !important;}&#8220;][vc_column][vc_column_text]Die langj\u00e4hrigen Erfahrungen unserer CNC-Programmierer ist ein gro\u00dfer Mehrwert in Form von schneller Entwicklung, effizientem Materialeinsatz, Flexibilit\u00e4t bei \u00c4nderungen in nachfolgenden Fertigungsphasen und bietet zus\u00e4tzlichen Schutz vor m\u00f6glichen Konstruktionsfehlern. Zweckgem\u00e4\u00dfe Technologie erm\u00f6glicht uns schnellere Bearbeitung und direkte Auswirkungen auf die Kosteneffizienz und schnelle Produktion. Der Prozess beginnt mit der Konstruktion [&hellip;]<\/p>\n","protected":false},"author":1,"featured_media":830,"parent":580,"menu_order":0,"comment_status":"closed","ping_status":"closed","template":"","meta":[],"aioseo_notices":[],"_links":{"self":[{"href":"https:\/\/www.modelarstvo-hohler.si\/de\/wp-json\/wp\/v2\/pages\/695"}],"collection":[{"href":"https:\/\/www.modelarstvo-hohler.si\/de\/wp-json\/wp\/v2\/pages"}],"about":[{"href":"https:\/\/www.modelarstvo-hohler.si\/de\/wp-json\/wp\/v2\/types\/page"}],"author":[{"embeddable":true,"href":"https:\/\/www.modelarstvo-hohler.si\/de\/wp-json\/wp\/v2\/users\/1"}],"replies":[{"embeddable":true,"href":"https:\/\/www.modelarstvo-hohler.si\/de\/wp-json\/wp\/v2\/comments?post=695"}],"version-history":[{"count":11,"href":"https:\/\/www.modelarstvo-hohler.si\/de\/wp-json\/wp\/v2\/pages\/695\/revisions"}],"predecessor-version":[{"id":1061,"href":"https:\/\/www.modelarstvo-hohler.si\/de\/wp-json\/wp\/v2\/pages\/695\/revisions\/1061"}],"up":[{"embeddable":true,"href":"https:\/\/www.modelarstvo-hohler.si\/de\/wp-json\/wp\/v2\/pages\/580"}],"wp:featuredmedia":[{"embeddable":true,"href":"https:\/\/www.modelarstvo-hohler.si\/de\/wp-json\/wp\/v2\/media\/830"}],"wp:attachment":[{"href":"https:\/\/www.modelarstvo-hohler.si\/de\/wp-json\/wp\/v2\/media?parent=695"}],"curies":[{"name":"wp","href":"https:\/\/api.w.org\/{rel}","templated":true}]}}